{"id":962,"date":"2025-03-02T10:54:03","date_gmt":"2025-03-02T10:54:03","guid":{"rendered":"http:\/\/www.pixyou.pl\/?page_id=962"},"modified":"2025-03-18T18:26:09","modified_gmt":"2025-03-18T18:26:09","slug":"cennik","status":"publish","type":"page","link":"https:\/\/www.pixyou.pl\/index.php\/cennik\/","title":{"rendered":"Cennik"},"content":{"rendered":"<div id=\"pl-gb962-69e606136b397\"  class=\"panel-layout\" ><div id=\"pg-gb962-69e606136b397-0\"  class=\"panel-grid panel-no-style\" ><div id=\"pgc-gb962-69e606136b397-0-0\"  class=\"panel-grid-cell\" ><div id=\"panel-gb962-69e606136b397-0-0-0\" class=\"so-panel widget widget_text panel-first-child\" data-index=\"0\" ><h3 class=\"widget-title\">Projekty graficzne z mo\u017cliwo\u015bci\u0105 wydruku<\/h3>\t\t\t<div class=\"textwidget\"><p>Projekt wizyt\u00f3wki wykonuj\u0119 od 50 z\u0142 netto, ulotki i banery od 150 z\u0142 netto. Katalogi wyceniam indywidualnie. Istnieje mo\u017cliwo\u015b\u0107 wydruku projekt\u00f3w w korzystnych cenach. Ceny druku ustalane s\u0105 indywidualnie, w zale\u017cno\u015bci od nak\u0142adu, formatu i rodzaju papieru. Podane ceny s\u0105 cenami netto. W przypadku bardziej z\u0142o\u017conych projekt\u00f3w, ceny mog\u0105 ulec zmianie. W celu uzyskania szczeg\u00f3\u0142owej wyceny, prosimy o kontakt. Zapraszamy do wsp\u00f3\u0142pracy!<\/p>\n<\/div>\n\t\t<\/div><div id=\"panel-gb962-69e606136b397-0-0-1\" class=\"so-panel widget widget_text\" data-index=\"1\" ><h3 class=\"widget-title\">Stw\u00f3rz stron\u0119 internetow\u0105, kt\u00f3ra rozwinie Tw\u00f3j biznes<\/h3>\t\t\t<div class=\"textwidget\"><p>Wybierz jeden z naszych starannie przygotowanych pakiet\u00f3w, aby stworzy\u0107 idealn\u0105 stron\u0119 internetow\u0105, kt\u00f3ra nie tylko zaprezentuje Twoj\u0105 firm\u0119, ale tak\u017ce stanie si\u0119 skutecznym narz\u0119dziem do jej rozwoju. Ka\u017cdy pakiet to solidna podstawa, kt\u00f3r\u0105 mo\u017cesz rozbudowa\u0107 o szereg dodatkowych opcji, dopasowuj\u0105c stron\u0119 do Twoich indywidualnych potrzeb i cel\u00f3w biznesowych.<\/p>\n<\/div>\n\t\t<\/div><div id=\"panel-gb962-69e606136b397-0-0-2\" class=\"so-panel widget widget_text panel-last-child\" data-index=\"2\" ><h3 class=\"widget-title\">Indywidualna wycena \u2013 Twoja strona, Twoje zasady<\/h3>\t\t\t<div class=\"textwidget\"><p>Je\u015bli nie znalaz\u0142e\u015b pakietu, kt\u00f3ry w pe\u0142ni odpowiada Twoim oczekiwaniom, skontaktuj si\u0119 ze mn\u0105. Przygotuj\u0119 dla Ciebie indywidualn\u0105 wycen\u0119, uwzgl\u0119dniaj\u0105c wszystkie Twoje potrzeby i preferencje. Razem stworzymy stron\u0119 internetow\u0105, kt\u00f3ra b\u0119dzie idealnie dopasowana do Twojego biznesu.<\/p>\n<\/div>\n\t\t<\/div><\/div><\/div><\/div><div id=\"pl-gb962-69e606136ba94\"  class=\"panel-layout\" ><div id=\"pg-gb962-69e606136ba94-0\"  class=\"panel-grid panel-has-style\" ><div class=\"panel-row-style panel-row-style-for-gb962-69e606136ba94-0\" ><div id=\"pgc-gb962-69e606136ba94-0-0\"  class=\"panel-grid-cell\" ><div id=\"panel-gb962-69e606136ba94-0-0-0\" class=\"so-panel widget widget_text panel-first-child panel-last-child\" data-index=\"0\" >\t\t\t<div class=\"textwidget\"><div id=\"rpt_pricr\" class=\"rpt_plans rpt_4_plans rpt_style_basic\"><div class=\"\"><div class=\"rpt_plan  rpt_plugin_f rpt_plan_0  \"><div style=\"text-align:center;\" class=\"rpt_title rpt_title_0\">Pakiet START<\/div><div class=\"rpt_head rpt_head_0\"><\/div><div class=\"rpt_features rpt_features_0\"><div style=\"color:black;\" class=\"rpt_feature rpt_feature_0-0\">prosta strona interntowa wed\u0142ug specyfikacji klienta\r<\/div><div style=\"color:black;\" class=\"rpt_feature rpt_feature_0-1\">utworzenie grafik niezb\u0119dnych dla strony\r<\/div><div style=\"color:black;\" class=\"rpt_feature rpt_feature_0-2\">utworzenie logotypu\r<\/div><div style=\"color:black;\" class=\"rpt_feature rpt_feature_0-3\">utworzenie podstawowych tekst\u00f3w reklamowych\r<\/div><div style=\"color:black;\" class=\"rpt_feature rpt_feature_0-4\">RWD \u2013 strona dostosowana do urz\u0105dze\u0144 mobilnych \r<\/div><div style=\"color:black;\" class=\"rpt_feature rpt_feature_0-5\">strona przygotowana pod SEO  \r<\/div><div style=\"color:black;\" class=\"rpt_feature rpt_feature_0-6\">integracja z GoogleAnalytics, PikselMeta\r<\/div><div style=\"color:black;\" class=\"rpt_feature rpt_feature_0-7\">instrukcja zarz\u0105dzania stron\u0105\r<\/div><div style=\"color:black;\" class=\"rpt_feature rpt_feature_0-8\">pomoc techniczna: 3 miesi\u0105ce \r<\/div><div style=\"color:black;\" class=\"rpt_feature rpt_feature_0-9\">czas realizacji: 3-5 dni roboczych\r<\/div><div style=\"color:black;\" class=\"rpt_feature rpt_feature_0-10\">&#8211;\r<\/div><div style=\"color:black;\" class=\"rpt_feature rpt_feature_0-11\">&#8211;\r<\/div><div style=\"color:black;\" class=\"rpt_feature rpt_feature_0-12\">&#8211;\r<\/div><div style=\"color:black;\" class=\"rpt_feature rpt_feature_0-13\">&#8211;\r<\/div><div style=\"color:black;\" class=\"rpt_feature rpt_feature_0-14\">&#8211;<\/div><\/div><div class=\"rpt_custom_btn\" style=\"background-color:#30afb8\"><span style=\"font-size: 19px; color:white;\">300 z\u0142 <s>500<\/s> z\u0142 netto<\/span><\/div><\/div><div class=\"rpt_plan  rpt_plugin_f rpt_plan_1  \"><div style=\"text-align:center;\" class=\"rpt_title rpt_title_1\">Pakiet PLUS<\/div><div class=\"rpt_head rpt_head_1\"><div style=\"color:#30afb8;\" class=\"rpt_subtitle rpt_subtitle_1\">najcz\u0119\u015bciej wybierany<\/div><\/div><div class=\"rpt_features rpt_features_1\"><div style=\"color:black;\" class=\"rpt_feature rpt_feature_1-0\">bardziej rozbudowana strona interntowa wed\u0142ug specyfikacji klienta\r<\/div><div style=\"color:black;\" class=\"rpt_feature rpt_feature_1-1\">utworzenie grafik niezb\u0119dnych dla strony\r<\/div><div style=\"color:black;\" class=\"rpt_feature rpt_feature_1-2\">utworzenie tekst\u00f3w reklamowych, opis\u00f3w\r<\/div><div style=\"color:black;\" class=\"rpt_feature rpt_feature_1-3\">utworzenie logotypu\r<\/div><div style=\"color:black;\" class=\"rpt_feature rpt_feature_1-4\">utworzenie i edycja wizyt\u00f3wki w GoogleMaps\r<\/div><div style=\"color:black;\" class=\"rpt_feature rpt_feature_1-5\">RWD \u2013 strona dostosowana do urz\u0105dze\u0144 mobilnych\r<\/div><div style=\"color:black;\" class=\"rpt_feature rpt_feature_1-6\">strona przygotowana pod SEO\r<\/div><div style=\"color:black;\" class=\"rpt_feature rpt_feature_1-7\">integracja z GoogleAnalytics, PikselMeta\r<\/div><div style=\"color:black;\" class=\"rpt_feature rpt_feature_1-8\">instrukcja zarz\u0105dzania stron\u0105\r<\/div><div style=\"color:black;\" class=\"rpt_feature rpt_feature_1-9\">pomoc techniczna: 3 miesi\u0105ce\r<\/div><div style=\"color:black;\" class=\"rpt_feature rpt_feature_1-10\">czas realizacji: 3-5 dni roboczych\r<\/div><div style=\"color:black;\" class=\"rpt_feature rpt_feature_1-11\">&#8211;<\/div><\/div><a target=\"_blank\" href=\"#\" style=\"background:#30afb8\" class=\"rpt_foot rpt_foot_1\" rel=\"noopener\">750 z\u0142 netto<\/a><\/div><div class=\"rpt_plan  rpt_plugin_f rpt_plan_2  \"><div style=\"text-align:center;\" class=\"rpt_title rpt_title_2\">Pakiet BIZNES<\/div><div class=\"rpt_head rpt_head_2\"><div style=\"color:#30afb8;\" class=\"rpt_subtitle rpt_subtitle_2\">najlepszy wyb\u00f3r<\/div><\/div><div class=\"rpt_features rpt_features_2\"><div style=\"color:black;\" class=\"rpt_feature rpt_feature_2-0\">rozbudowana strona firmowa dla pe\u0142nej prezentacji Twojej oferty\r<\/div><div style=\"color:black;\" class=\"rpt_feature rpt_feature_2-1\">szczeg\u00f3\u0142owa optymalizacja SEO dla ka\u017cdego elementu strony\r<\/div><div style=\"color:black;\" class=\"rpt_feature rpt_feature_2-2\">grafiki i zdj\u0119cia\r<\/div><div style=\"color:black;\" class=\"rpt_feature rpt_feature_2-3\">teksty reklamowe i opisy\r<\/div><div style=\"color:black;\" class=\"rpt_feature rpt_feature_2-4\">logotyp, wizyt\u00f3wki, ulotki, banery\r<\/div><div style=\"color:black;\" class=\"rpt_feature rpt_feature_2-5\">utworzenie i edycja wizyt\u00f3wki w GoogleMaps\r<\/div><div style=\"color:black;\" class=\"rpt_feature rpt_feature_2-6\">RWD \u2013 strona dostosowana do urz\u0105dze\u0144 mobilnych\r<\/div><div style=\"color:black;\" class=\"rpt_feature rpt_feature_2-7\">integracja z GoogleAnalytics, PikselMeta\r<\/div><div style=\"color:black;\" class=\"rpt_feature rpt_feature_2-8\">instrukcja zarz\u0105dzania stron\u0105\r<\/div><div style=\"color:black;\" class=\"rpt_feature rpt_feature_2-9\">pomoc techniczna: 6 miesi\u0119cy\r<\/div><div style=\"color:black;\" class=\"rpt_feature rpt_feature_2-10\">czas realizacji: 3-15 dni roboczych\r<\/div><div style=\"color:black;\" class=\"rpt_feature rpt_feature_2-11\">prosty sklep interentowy: + 500 z\u0142 netto\r<\/div><div style=\"color:black;\" class=\"rpt_feature rpt_feature_2-12\">&#8211;<\/div><\/div><a target=\"_blank\" href=\"#\" style=\"background:#30afb8\" class=\"rpt_foot rpt_foot_2\" rel=\"noopener\">1000 z\u0142 netto<\/a><\/div><div class=\"rpt_plan  rpt_plugin_f rpt_plan_3  \"><div style=\"text-align:center;\" class=\"rpt_title rpt_title_3\">Pakiet PREMIUM<\/div><div class=\"rpt_head rpt_head_3\"><\/div><div class=\"rpt_features rpt_features_3\"><div style=\"color:black;\" class=\"rpt_feature rpt_feature_3-0\">rozbudowana strona firmowa dla pe\u0142nej prezentacji Twojej oferty\r<\/div><div style=\"color:black;\" class=\"rpt_feature rpt_feature_3-1\">sklep internetowy\r<\/div><div style=\"color:black;\" class=\"rpt_feature rpt_feature_3-2\">szczeg\u00f3\u0142owa optymalizacja SEO dla ka\u017cdego elementu strony\r<\/div><div style=\"color:black;\" class=\"rpt_feature rpt_feature_3-3\">grafiki i zdj\u0119cia\r<\/div><div style=\"color:black;\" class=\"rpt_feature rpt_feature_3-4\">teksty reklamowe i opisy\r<\/div><div style=\"color:black;\" class=\"rpt_feature rpt_feature_3-5\">logotyp, wizyt\u00f3wki, ulotki, banery, katalogi\r<\/div><div style=\"color:black;\" class=\"rpt_feature rpt_feature_3-6\">identyfikacja wizualna firmy\r<\/div><div style=\"color:black;\" class=\"rpt_feature rpt_feature_3-7\">utworzenie i edycja wizyt\u00f3wki w GoogleMaps\r<\/div><div style=\"color:black;\" class=\"rpt_feature rpt_feature_3-8\">RWD \u2013 strona dostosowana do urz\u0105dze\u0144 mobilnych\r<\/div><div style=\"color:black;\" class=\"rpt_feature rpt_feature_3-9\">integracja z GoogleAnalytics, PikselMeta CRM, p\u0142atno\u015bciami, kurierami\r<\/div><div style=\"color:black;\" class=\"rpt_feature rpt_feature_3-10\">instrukcja zarz\u0105dzania stron\u0105\r<\/div><div style=\"color:black;\" class=\"rpt_feature rpt_feature_3-11\">pomoc techniczna: 12 miesi\u0119cy\r<\/div><div style=\"color:black;\" class=\"rpt_feature rpt_feature_3-12\">czas realizacji: w zale\u017cno\u015bci od z\u0142o\u017cono\u015bci projektu<\/div><\/div><a target=\"_blank\" href=\"#\" style=\"background:#30afb8\" class=\"rpt_foot rpt_foot_3\" rel=\"noopener\">wycena indywidualna<\/a><\/div><\/div><\/div><div style=\"clear:both;\"><\/div>\n<\/div>\n\t\t<\/div><\/div><\/div><\/div><\/div><p><\/p>","protected":false},"excerpt":{"rendered":"","protected":false},"author":1,"featured_media":0,"parent":0,"menu_order":0,"comment_status":"closed","ping_status":"closed","template":"page-templates\/pagebuilder.php","meta":{"cybocfi_hide_featured_image":"","footnotes":""},"class_list":["post-962","page","type-page","status-publish","hentry"],"yoast_head":"<!-- This site is optimized with the Yoast SEO plugin v25.4 - https:\/\/yoast.com\/wordpress\/plugins\/seo\/ -->\n<title>Cennik - PIXYOU<\/title>\n<meta name=\"robots\" content=\"index, follow, max-snippet:-1, max-image-preview:large, max-video-preview:-1\" \/>\n<link rel=\"canonical\" href=\"https:\/\/www.pixyou.pl\/index.php\/cennik\/\" \/>\n<meta property=\"og:locale\" content=\"pl_PL\" \/>\n<meta property=\"og:type\" content=\"article\" \/>\n<meta property=\"og:title\" content=\"Cennik - PIXYOU\" \/>\n<meta property=\"og:url\" content=\"https:\/\/www.pixyou.pl\/index.php\/cennik\/\" \/>\n<meta property=\"og:site_name\" content=\"PIXYOU\" \/>\n<meta property=\"article:modified_time\" content=\"2025-03-18T18:26:09+00:00\" \/>\n<meta name=\"twitter:card\" content=\"summary_large_image\" \/>\n<meta name=\"twitter:label1\" content=\"Szacowany czas czytania\" \/>\n\t<meta name=\"twitter:data1\" content=\"5 minut\" \/>\n<script type=\"application\/ld+json\" class=\"yoast-schema-graph\">{\"@context\":\"https:\/\/schema.org\",\"@graph\":[{\"@type\":\"WebPage\",\"@id\":\"https:\/\/www.pixyou.pl\/index.php\/cennik\/\",\"url\":\"https:\/\/www.pixyou.pl\/index.php\/cennik\/\",\"name\":\"Cennik - PIXYOU\",\"isPartOf\":{\"@id\":\"http:\/\/www.pixyou.pl\/#website\"},\"datePublished\":\"2025-03-02T10:54:03+00:00\",\"dateModified\":\"2025-03-18T18:26:09+00:00\",\"breadcrumb\":{\"@id\":\"https:\/\/www.pixyou.pl\/index.php\/cennik\/#breadcrumb\"},\"inLanguage\":\"pl-PL\",\"potentialAction\":[{\"@type\":\"ReadAction\",\"target\":[\"https:\/\/www.pixyou.pl\/index.php\/cennik\/\"]}]},{\"@type\":\"BreadcrumbList\",\"@id\":\"https:\/\/www.pixyou.pl\/index.php\/cennik\/#breadcrumb\",\"itemListElement\":[{\"@type\":\"ListItem\",\"position\":1,\"name\":\"Strona g\u0142\u00f3wna\",\"item\":\"http:\/\/www.pixyou.pl\/\"},{\"@type\":\"ListItem\",\"position\":2,\"name\":\"Cennik\"}]},{\"@type\":\"WebSite\",\"@id\":\"http:\/\/www.pixyou.pl\/#website\",\"url\":\"http:\/\/www.pixyou.pl\/\",\"name\":\"PIXYOU\",\"description\":\"Strony i sklepy internetowe skrojone na miar\u0119\",\"publisher\":{\"@id\":\"http:\/\/www.pixyou.pl\/#organization\"},\"potentialAction\":[{\"@type\":\"SearchAction\",\"target\":{\"@type\":\"EntryPoint\",\"urlTemplate\":\"http:\/\/www.pixyou.pl\/?s={search_term_string}\"},\"query-input\":{\"@type\":\"PropertyValueSpecification\",\"valueRequired\":true,\"valueName\":\"search_term_string\"}}],\"inLanguage\":\"pl-PL\"},{\"@type\":\"Organization\",\"@id\":\"http:\/\/www.pixyou.pl\/#organization\",\"name\":\"PIXYOU\",\"url\":\"http:\/\/www.pixyou.pl\/\",\"logo\":{\"@type\":\"ImageObject\",\"inLanguage\":\"pl-PL\",\"@id\":\"http:\/\/www.pixyou.pl\/#\/schema\/logo\/image\/\",\"url\":\"https:\/\/www.pixyou.pl\/wp-content\/uploads\/2024\/09\/logo-pixyou-mini.png\",\"contentUrl\":\"https:\/\/www.pixyou.pl\/wp-content\/uploads\/2024\/09\/logo-pixyou-mini.png\",\"width\":150,\"height\":32,\"caption\":\"PIXYOU\"},\"image\":{\"@id\":\"http:\/\/www.pixyou.pl\/#\/schema\/logo\/image\/\"}}]}<\/script>\n<!-- \/ Yoast SEO plugin. -->","yoast_head_json":{"title":"Cennik - PIXYOU","robots":{"index":"index","follow":"follow","max-snippet":"max-snippet:-1","max-image-preview":"max-image-preview:large","max-video-preview":"max-video-preview:-1"},"canonical":"https:\/\/www.pixyou.pl\/index.php\/cennik\/","og_locale":"pl_PL","og_type":"article","og_title":"Cennik - PIXYOU","og_url":"https:\/\/www.pixyou.pl\/index.php\/cennik\/","og_site_name":"PIXYOU","article_modified_time":"2025-03-18T18:26:09+00:00","twitter_card":"summary_large_image","twitter_misc":{"Szacowany czas czytania":"5 minut"},"schema":{"@context":"https:\/\/schema.org","@graph":[{"@type":"WebPage","@id":"https:\/\/www.pixyou.pl\/index.php\/cennik\/","url":"https:\/\/www.pixyou.pl\/index.php\/cennik\/","name":"Cennik - PIXYOU","isPartOf":{"@id":"http:\/\/www.pixyou.pl\/#website"},"datePublished":"2025-03-02T10:54:03+00:00","dateModified":"2025-03-18T18:26:09+00:00","breadcrumb":{"@id":"https:\/\/www.pixyou.pl\/index.php\/cennik\/#breadcrumb"},"inLanguage":"pl-PL","potentialAction":[{"@type":"ReadAction","target":["https:\/\/www.pixyou.pl\/index.php\/cennik\/"]}]},{"@type":"BreadcrumbList","@id":"https:\/\/www.pixyou.pl\/index.php\/cennik\/#breadcrumb","itemListElement":[{"@type":"ListItem","position":1,"name":"Strona g\u0142\u00f3wna","item":"http:\/\/www.pixyou.pl\/"},{"@type":"ListItem","position":2,"name":"Cennik"}]},{"@type":"WebSite","@id":"http:\/\/www.pixyou.pl\/#website","url":"http:\/\/www.pixyou.pl\/","name":"PIXYOU","description":"Strony i sklepy internetowe skrojone na miar\u0119","publisher":{"@id":"http:\/\/www.pixyou.pl\/#organization"},"potentialAction":[{"@type":"SearchAction","target":{"@type":"EntryPoint","urlTemplate":"http:\/\/www.pixyou.pl\/?s={search_term_string}"},"query-input":{"@type":"PropertyValueSpecification","valueRequired":true,"valueName":"search_term_string"}}],"inLanguage":"pl-PL"},{"@type":"Organization","@id":"http:\/\/www.pixyou.pl\/#organization","name":"PIXYOU","url":"http:\/\/www.pixyou.pl\/","logo":{"@type":"ImageObject","inLanguage":"pl-PL","@id":"http:\/\/www.pixyou.pl\/#\/schema\/logo\/image\/","url":"https:\/\/www.pixyou.pl\/wp-content\/uploads\/2024\/09\/logo-pixyou-mini.png","contentUrl":"https:\/\/www.pixyou.pl\/wp-content\/uploads\/2024\/09\/logo-pixyou-mini.png","width":150,"height":32,"caption":"PIXYOU"},"image":{"@id":"http:\/\/www.pixyou.pl\/#\/schema\/logo\/image\/"}}]}},"_links":{"self":[{"href":"https:\/\/www.pixyou.pl\/index.php\/wp-json\/wp\/v2\/pages\/962"}],"collection":[{"href":"https:\/\/www.pixyou.pl\/index.php\/wp-json\/wp\/v2\/pages"}],"about":[{"href":"https:\/\/www.pixyou.pl\/index.php\/wp-json\/wp\/v2\/types\/page"}],"author":[{"embeddable":true,"href":"https:\/\/www.pixyou.pl\/index.php\/wp-json\/wp\/v2\/users\/1"}],"replies":[{"embeddable":true,"href":"https:\/\/www.pixyou.pl\/index.php\/wp-json\/wp\/v2\/comments?post=962"}],"version-history":[{"count":8,"href":"https:\/\/www.pixyou.pl\/index.php\/wp-json\/wp\/v2\/pages\/962\/revisions"}],"predecessor-version":[{"id":1063,"href":"https:\/\/www.pixyou.pl\/index.php\/wp-json\/wp\/v2\/pages\/962\/revisions\/1063"}],"wp:attachment":[{"href":"https:\/\/www.pixyou.pl\/index.php\/wp-json\/wp\/v2\/media?parent=962"}],"curies":[{"name":"wp","href":"https:\/\/api.w.org\/{rel}","templated":true}]}}