{"id":844,"date":"2024-10-13T19:05:41","date_gmt":"2024-10-13T19:05:41","guid":{"rendered":"http:\/\/www.pixyou.pl\/?page_id=844"},"modified":"2024-11-05T19:21:48","modified_gmt":"2024-11-05T19:21:48","slug":"oferta","status":"publish","type":"page","link":"https:\/\/www.pixyou.pl\/index.php\/oferta\/","title":{"rendered":"Oferta"},"content":{"rendered":"<div id=\"pl-844\"  class=\"panel-layout\" ><div id=\"pg-844-0\"  class=\"panel-grid panel-no-style\" ><div id=\"pgc-844-0-0\"  class=\"panel-grid-cell\" ><div id=\"panel-844-0-0-0\" class=\"so-panel widget widget_text panel-first-child panel-last-child\" data-index=\"0\" >\t\t\t<div class=\"textwidget\"><p>Programista, grafik i marketer w jednym. Tworz\u0119 profesjonalne strony i sklepy internetowe, g\u0142\u00f3wnie na platformie PrestaShop. Zajmuj\u0119 si\u0119 r\u00f3wnie\u017c projektowaniem graficznym (od wizyt\u00f3wek po katalogi) oraz copywritingiem. 12 lat do\u015bwiadczenia w bran\u017cy e-commerce gwarantuje kompleksow\u0105 obs\u0142ug\u0119 Twojego projektu. Oferuj\u0119 kompleksowe us\u0142ugi, pocz\u0105wszy od projektowania graficznego, poprzez rozw\u00f3j niestandardowych modu\u0142\u00f3w, a\u017c po optymalizacj\u0119 pod k\u0105tem SEO. Dzi\u0119ki znajomo\u015bci takich technologii jak PHP, HTML, CSS i JavaScript jestem w stanie stworzy\u0107 nowoczesne i funkcjonalne sklepy internetowe. Zapraszam do zapoznania si\u0119 z moim portfolio, gdzie znajd\u0105 Pa\u0144stwo przyk\u0142ady zrealizowanych projekt\u00f3w, kt\u00f3re przyczyni\u0142y si\u0119 do znacz\u0105cego wzrostu sprzeda\u017cy klient\u00f3w.<\/p>\n<\/div>\n\t\t<\/div><\/div><\/div><div id=\"pg-844-1\"  class=\"panel-grid panel-no-style\" ><div id=\"pgc-844-1-0\"  class=\"panel-grid-cell\" ><div id=\"panel-844-1-0-0\" class=\"so-panel widget widget_themegrill_flash_service tg-widget tg-single-service panel-first-child panel-last-child\" data-index=\"1\" >\n<div class=\"tg-service-widget tg-service-layout-1\">\n\t<div class=\"service-wrapper\">\n\t\t<div class=\"service-icon-title-wrapper clearfix\">\n\t\t\t\t\t\t\t\t\t\t\t\t<h3 class=\"service-title-wrap\">\n\t\t\t\tTworzenie stron www\t\t\t\t\t\t\t<\/h3>\n\t\t\t\t\t<\/div>\n\t\t\t\t<div class=\"service-content-wrap\">Proste wizyt\u00f3wki na ka\u017cd\u0105 kiesze\u0144 oraz profesjonalne i rozbudowane serwisy internetowe. Pomog\u0119 dobra\u0107 odpowiednie rozwi\u0105zania dla twojego biznesu.<\/div>\n\t\t\t\t\t<\/div>\n<\/div>\n<\/div><\/div><div id=\"pgc-844-1-1\"  class=\"panel-grid-cell\" ><div id=\"panel-844-1-1-0\" class=\"so-panel widget widget_themegrill_flash_service tg-widget tg-single-service panel-first-child panel-last-child\" data-index=\"2\" >\n<div class=\"tg-service-widget tg-service-layout-1\">\n\t<div class=\"service-wrapper\">\n\t\t<div class=\"service-icon-title-wrapper clearfix\">\n\t\t\t\t\t\t\t\t\t\t\t\t<h3 class=\"service-title-wrap\">\n\t\t\t\tTworzenie sklep\u00f3w internetowych\t\t\t\t\t\t\t<\/h3>\n\t\t\t\t\t<\/div>\n\t\t\t\t<div class=\"service-content-wrap\">Ma\u0142e i du\u017ce sklepy internetowe. Modyfikowanie, rozbudowa i administrowanie ju\u017c istniej\u0105cymi sklepami.<\/div>\n\t\t\t\t\t<\/div>\n<\/div>\n<\/div><\/div><div id=\"pgc-844-1-2\"  class=\"panel-grid-cell\" ><div id=\"panel-844-1-2-0\" class=\"so-panel widget widget_themegrill_flash_service tg-widget tg-single-service panel-first-child panel-last-child\" data-index=\"3\" >\n<div class=\"tg-service-widget tg-service-layout-1\">\n\t<div class=\"service-wrapper\">\n\t\t<div class=\"service-icon-title-wrapper clearfix\">\n\t\t\t\t\t\t\t\t\t\t\t\t<h3 class=\"service-title-wrap\">\n\t\t\t\tIdentyfikacja wizualna firmy\t\t\t\t\t\t\t<\/h3>\n\t\t\t\t\t<\/div>\n\t\t\t\t<div class=\"service-content-wrap\">Przygotowanie materia\u0142\u00f3w reklamowych, wizyt\u00f3wek, oznakowanie aut. Wizualizacja oznaczenia zewn\u0119trznego firmy.<\/div>\n\t\t\t\t\t<\/div>\n<\/div>\n<\/div><\/div><\/div><div id=\"pg-844-2\"  class=\"panel-grid panel-no-style\" ><div id=\"pgc-844-2-0\"  class=\"panel-grid-cell\" ><div id=\"panel-844-2-0-0\" class=\"so-panel widget widget_themegrill_flash_service tg-widget tg-single-service panel-first-child panel-last-child\" data-index=\"4\" >\n<div class=\"tg-service-widget tg-service-layout-1\">\n\t<div class=\"service-wrapper\">\n\t\t<div class=\"service-icon-title-wrapper clearfix\">\n\t\t\t\t\t\t\t\t\t\t\t\t<h3 class=\"service-title-wrap\">\n\t\t\t\tProgramowanie PHP\t\t\t\t\t\t\t<\/h3>\n\t\t\t\t\t<\/div>\n\t\t\t\t<div class=\"service-content-wrap\">Tworzenie aplikacji, skrypt\u00f3w i dodatk\u00f3w do stron internetowych. Ka\u017cde rozwi\u0105zanie jest projektowanie indywidualnie. <\/div>\n\t\t\t\t\t<\/div>\n<\/div>\n<\/div><\/div><div id=\"pgc-844-2-1\"  class=\"panel-grid-cell\" ><div id=\"panel-844-2-1-0\" class=\"so-panel widget widget_themegrill_flash_service tg-widget tg-single-service panel-first-child panel-last-child\" data-index=\"5\" >\n<div class=\"tg-service-widget tg-service-layout-1\">\n\t<div class=\"service-wrapper\">\n\t\t<div class=\"service-icon-title-wrapper clearfix\">\n\t\t\t\t\t\t\t\t\t\t\t\t<h3 class=\"service-title-wrap\">\n\t\t\t\tTworzenie dodatk\u00f3w do Prestashop\t\t\t\t\t\t\t<\/h3>\n\t\t\t\t\t<\/div>\n\t\t\t\t<div class=\"service-content-wrap\">Potrzebujesz indywidualnego modu\u0142u do twojego sklepu? Je\u015bli nie ma go jeszcze w sklepie to ch\u0119tnie go wykonam. <\/div>\n\t\t\t\t\t<\/div>\n<\/div>\n<\/div><\/div><div id=\"pgc-844-2-2\"  class=\"panel-grid-cell\" ><div id=\"panel-844-2-2-0\" class=\"so-panel widget widget_themegrill_flash_service tg-widget tg-single-service panel-first-child panel-last-child\" data-index=\"6\" >\n<div class=\"tg-service-widget tg-service-layout-1\">\n\t<div class=\"service-wrapper\">\n\t\t<div class=\"service-icon-title-wrapper clearfix\">\n\t\t\t\t\t\t\t\t\t\t\t\t<h3 class=\"service-title-wrap\">\n\t\t\t\tGrafika komputerowa i DTP\t\t\t\t\t\t\t<\/h3>\n\t\t\t\t\t<\/div>\n\t\t\t\t<div class=\"service-content-wrap\">Przygotowanie projekt\u00f3w wizyt\u00f3wek, baner\u00f3w, katalog\u00f3w, materia\u0142\u00f3w reklamowych oraz ich wydruk.<\/div>\n\t\t\t\t\t<\/div>\n<\/div>\n<\/div><\/div><\/div><div id=\"pg-844-3\"  class=\"panel-grid panel-no-style\" ><div id=\"pgc-844-3-0\"  class=\"panel-grid-cell\" ><div id=\"panel-844-3-0-0\" class=\"so-panel widget widget_themegrill_flash_heading tg-widget section-title-wrapper panel-first-child panel-last-child\" data-index=\"7\" >\t<h3 class=\"section-title\">CERTYFIKATY<\/h3>\n\t<div class=\"section-description\">Moje ponad 12 letnie do\u015bwiadczenie jest poparte wieloma certyfikatami co gwarantuje najwy\u017csz\u0105 jako\u015b\u0107 us\u0142ug.<\/div>\n<\/div><\/div><\/div><div id=\"pg-844-4\"  class=\"panel-grid panel-no-style\" ><div id=\"pgc-844-4-0\"  class=\"panel-grid-cell\" ><div id=\"panel-844-4-0-0\" class=\"so-panel widget widget_themegrill_flash_portfolio tg-section feature-product-section panel-first-child panel-last-child\" data-index=\"8\" ><div class=\"tg-feature-product-layout-1 tg-feature-product-filter-layout\"><div class=\"tg-container\"><div class=\"grid\"><div class=\"tg-column-wrapper\"><div class=\"tg-feature-product-widget element-item uxdesign tg-column-4 certyfikaty \" data-category=\"certyfikaty \"><figure><img loading=\"lazy\" decoding=\"async\" width=\"1000\" height=\"775\" src=\"https:\/\/www.pixyou.pl\/wp-content\/uploads\/2024\/11\/Course_Certificate-1-1.jpg\" class=\"attachment-full size-full wp-post-image\" alt=\"\" srcset=\"https:\/\/www.pixyou.pl\/wp-content\/uploads\/2024\/11\/Course_Certificate-1-1.jpg 1000w, https:\/\/www.pixyou.pl\/wp-content\/uploads\/2024\/11\/Course_Certificate-1-1-300x233.jpg 300w, https:\/\/www.pixyou.pl\/wp-content\/uploads\/2024\/11\/Course_Certificate-1-1-768x595.jpg 768w, https:\/\/www.pixyou.pl\/wp-content\/uploads\/2024\/11\/Course_Certificate-1-1-600x465.jpg 600w\" sizes=\"(max-width: 1000px) 100vw, 1000px\" \/><\/figure><div class=\"featured-image-desc\"><span><a href=\"https:\/\/www.pixyou.pl\/index.php\/portfolio\/google-analytics-dla-poczatkujacych\/\"><i class=\"fa fa-plus\"><\/i><\/a><\/span><div class=\"feature-inner-block\"><h3 class=\"feature-title-wrap\"><a href=\"https:\/\/www.pixyou.pl\/index.php\/portfolio\/google-analytics-dla-poczatkujacych\/\">Google Analytics dla pocz\u0105tkuj\u0105cych<\/a><\/h3><h4 class=\"feature-desc-wrap\"><\/h4><\/div><\/div><\/div><div class=\"tg-feature-product-widget element-item uxdesign tg-column-4 certyfikaty \" data-category=\"certyfikaty \"><figure><img loading=\"lazy\" decoding=\"async\" width=\"1000\" height=\"775\" src=\"https:\/\/www.pixyou.pl\/wp-content\/uploads\/2024\/11\/podstawy_managera.jpg\" class=\"attachment-full size-full wp-post-image\" alt=\"\" srcset=\"https:\/\/www.pixyou.pl\/wp-content\/uploads\/2024\/11\/podstawy_managera.jpg 1000w, https:\/\/www.pixyou.pl\/wp-content\/uploads\/2024\/11\/podstawy_managera-300x233.jpg 300w, https:\/\/www.pixyou.pl\/wp-content\/uploads\/2024\/11\/podstawy_managera-768x595.jpg 768w, https:\/\/www.pixyou.pl\/wp-content\/uploads\/2024\/11\/podstawy_managera-600x465.jpg 600w\" sizes=\"(max-width: 1000px) 100vw, 1000px\" \/><\/figure><div class=\"featured-image-desc\"><span><a href=\"https:\/\/www.pixyou.pl\/index.php\/portfolio\/podstawy-menedzera-tagow-google\/\"><i class=\"fa fa-plus\"><\/i><\/a><\/span><div class=\"feature-inner-block\"><h3 class=\"feature-title-wrap\"><a href=\"https:\/\/www.pixyou.pl\/index.php\/portfolio\/podstawy-menedzera-tagow-google\/\">Podstawy Mened\u017cera tag\u00f3w Google<\/a><\/h3><h4 class=\"feature-desc-wrap\"><\/h4><\/div><\/div><\/div><div class=\"tg-feature-product-widget element-item uxdesign tg-column-4 certyfikaty \" data-category=\"certyfikaty \"><figure><img loading=\"lazy\" decoding=\"async\" width=\"1000\" height=\"775\" src=\"https:\/\/www.pixyou.pl\/wp-content\/uploads\/2024\/11\/Course_Certificate_zaawansowane.jpg\" class=\"attachment-full size-full wp-post-image\" alt=\"\" srcset=\"https:\/\/www.pixyou.pl\/wp-content\/uploads\/2024\/11\/Course_Certificate_zaawansowane.jpg 1000w, https:\/\/www.pixyou.pl\/wp-content\/uploads\/2024\/11\/Course_Certificate_zaawansowane-300x233.jpg 300w, https:\/\/www.pixyou.pl\/wp-content\/uploads\/2024\/11\/Course_Certificate_zaawansowane-768x595.jpg 768w, https:\/\/www.pixyou.pl\/wp-content\/uploads\/2024\/11\/Course_Certificate_zaawansowane-600x465.jpg 600w\" sizes=\"(max-width: 1000px) 100vw, 1000px\" \/><\/figure><div class=\"featured-image-desc\"><span><a href=\"https:\/\/www.pixyou.pl\/index.php\/portfolio\/google-analytics-dla-zaawansowanych\/\"><i class=\"fa fa-plus\"><\/i><\/a><\/span><div class=\"feature-inner-block\"><h3 class=\"feature-title-wrap\"><a href=\"https:\/\/www.pixyou.pl\/index.php\/portfolio\/google-analytics-dla-zaawansowanych\/\">Google Analytics dla zaawansowanych<\/a><\/h3><h4 class=\"feature-desc-wrap\"><\/h4><\/div><\/div><\/div><div class=\"tg-feature-product-widget element-item uxdesign tg-column-4 certyfikaty \" data-category=\"certyfikaty \"><figure><img loading=\"lazy\" decoding=\"async\" width=\"832\" height=\"582\" src=\"https:\/\/www.pixyou.pl\/wp-content\/uploads\/2024\/11\/certy.jpg\" class=\"attachment-full size-full wp-post-image\" alt=\"\" srcset=\"https:\/\/www.pixyou.pl\/wp-content\/uploads\/2024\/11\/certy.jpg 832w, https:\/\/www.pixyou.pl\/wp-content\/uploads\/2024\/11\/certy-300x210.jpg 300w, https:\/\/www.pixyou.pl\/wp-content\/uploads\/2024\/11\/certy-768x537.jpg 768w, https:\/\/www.pixyou.pl\/wp-content\/uploads\/2024\/11\/certy-600x420.jpg 600w\" sizes=\"(max-width: 832px) 100vw, 832px\" \/><\/figure><div class=\"featured-image-desc\"><span><a href=\"https:\/\/www.pixyou.pl\/index.php\/portfolio\/podstawy-marketingu-internetowego\/\"><i class=\"fa fa-plus\"><\/i><\/a><\/span><div class=\"feature-inner-block\"><h3 class=\"feature-title-wrap\"><a href=\"https:\/\/www.pixyou.pl\/index.php\/portfolio\/podstawy-marketingu-internetowego\/\">Podstawy marketingu internetowego<\/a><\/h3><h4 class=\"feature-desc-wrap\"><\/h4><\/div><\/div><\/div><div class=\"tg-feature-product-widget element-item uxdesign tg-column-4 certyfikaty \" data-category=\"certyfikaty \"><figure><img loading=\"lazy\" decoding=\"async\" width=\"1810\" height=\"2560\" src=\"https:\/\/www.pixyou.pl\/wp-content\/uploads\/2024\/11\/E_commerce_i_marketing_internetowy_w_MSP-Certyfikat_\u2013_E_commerce_i_marketing_internetowy_w_MSP_48563-1-scaled.jpg\" class=\"attachment-full size-full wp-post-image\" alt=\"\" srcset=\"https:\/\/www.pixyou.pl\/wp-content\/uploads\/2024\/11\/E_commerce_i_marketing_internetowy_w_MSP-Certyfikat_\u2013_E_commerce_i_marketing_internetowy_w_MSP_48563-1-scaled.jpg 1810w, https:\/\/www.pixyou.pl\/wp-content\/uploads\/2024\/11\/E_commerce_i_marketing_internetowy_w_MSP-Certyfikat_\u2013_E_commerce_i_marketing_internetowy_w_MSP_48563-1-212x300.jpg 212w, https:\/\/www.pixyou.pl\/wp-content\/uploads\/2024\/11\/E_commerce_i_marketing_internetowy_w_MSP-Certyfikat_\u2013_E_commerce_i_marketing_internetowy_w_MSP_48563-1-724x1024.jpg 724w, https:\/\/www.pixyou.pl\/wp-content\/uploads\/2024\/11\/E_commerce_i_marketing_internetowy_w_MSP-Certyfikat_\u2013_E_commerce_i_marketing_internetowy_w_MSP_48563-1-768x1086.jpg 768w, https:\/\/www.pixyou.pl\/wp-content\/uploads\/2024\/11\/E_commerce_i_marketing_internetowy_w_MSP-Certyfikat_\u2013_E_commerce_i_marketing_internetowy_w_MSP_48563-1-1086x1536.jpg 1086w, https:\/\/www.pixyou.pl\/wp-content\/uploads\/2024\/11\/E_commerce_i_marketing_internetowy_w_MSP-Certyfikat_\u2013_E_commerce_i_marketing_internetowy_w_MSP_48563-1-1448x2048.jpg 1448w, https:\/\/www.pixyou.pl\/wp-content\/uploads\/2024\/11\/E_commerce_i_marketing_internetowy_w_MSP-Certyfikat_\u2013_E_commerce_i_marketing_internetowy_w_MSP_48563-1-600x848.jpg 600w\" sizes=\"(max-width: 1810px) 100vw, 1810px\" \/><\/figure><div class=\"featured-image-desc\"><span><a href=\"https:\/\/www.pixyou.pl\/index.php\/portfolio\/e_commerce-i-marketing-internetowy-w-msp\/\"><i class=\"fa fa-plus\"><\/i><\/a><\/span><div class=\"feature-inner-block\"><h3 class=\"feature-title-wrap\"><a href=\"https:\/\/www.pixyou.pl\/index.php\/portfolio\/e_commerce-i-marketing-internetowy-w-msp\/\">E_commerce i marketing internetowy w M\u015aP<\/a><\/h3><h4 class=\"feature-desc-wrap\"><\/h4><\/div><\/div><\/div><div class=\"tg-feature-product-widget element-item uxdesign tg-column-4 certyfikaty \" data-category=\"certyfikaty \"><figure><img loading=\"lazy\" decoding=\"async\" width=\"707\" height=\"1000\" src=\"https:\/\/www.pixyou.pl\/wp-content\/uploads\/2024\/11\/Negocjacje_handlowe_w_MSP-Certyfikat_\u2013_Negocjacje_handlowe_w_MSP_448303-1.jpg\" class=\"attachment-full size-full wp-post-image\" alt=\"\" srcset=\"https:\/\/www.pixyou.pl\/wp-content\/uploads\/2024\/11\/Negocjacje_handlowe_w_MSP-Certyfikat_\u2013_Negocjacje_handlowe_w_MSP_448303-1.jpg 707w, https:\/\/www.pixyou.pl\/wp-content\/uploads\/2024\/11\/Negocjacje_handlowe_w_MSP-Certyfikat_\u2013_Negocjacje_handlowe_w_MSP_448303-1-212x300.jpg 212w, https:\/\/www.pixyou.pl\/wp-content\/uploads\/2024\/11\/Negocjacje_handlowe_w_MSP-Certyfikat_\u2013_Negocjacje_handlowe_w_MSP_448303-1-600x849.jpg 600w\" sizes=\"(max-width: 707px) 100vw, 707px\" \/><\/figure><div class=\"featured-image-desc\"><span><a href=\"https:\/\/www.pixyou.pl\/index.php\/portfolio\/negocjacje-handlowe-w-msp\/\"><i class=\"fa fa-plus\"><\/i><\/a><\/span><div class=\"feature-inner-block\"><h3 class=\"feature-title-wrap\"><a href=\"https:\/\/www.pixyou.pl\/index.php\/portfolio\/negocjacje-handlowe-w-msp\/\">Negocjacje handlowe w M\u015aP<\/a><\/h3><h4 class=\"feature-desc-wrap\"><\/h4><\/div><\/div><\/div><div class=\"tg-feature-product-widget element-item uxdesign tg-column-4 certyfikaty \" data-category=\"certyfikaty \"><figure><img loading=\"lazy\" decoding=\"async\" width=\"1000\" height=\"1412\" src=\"https:\/\/www.pixyou.pl\/wp-content\/uploads\/2024\/11\/IMG_20210317_104800.jpg\" class=\"attachment-full size-full wp-post-image\" alt=\"\" srcset=\"https:\/\/www.pixyou.pl\/wp-content\/uploads\/2024\/11\/IMG_20210317_104800.jpg 1000w, https:\/\/www.pixyou.pl\/wp-content\/uploads\/2024\/11\/IMG_20210317_104800-212x300.jpg 212w, https:\/\/www.pixyou.pl\/wp-content\/uploads\/2024\/11\/IMG_20210317_104800-725x1024.jpg 725w, https:\/\/www.pixyou.pl\/wp-content\/uploads\/2024\/11\/IMG_20210317_104800-768x1084.jpg 768w, https:\/\/www.pixyou.pl\/wp-content\/uploads\/2024\/11\/IMG_20210317_104800-600x847.jpg 600w\" sizes=\"(max-width: 1000px) 100vw, 1000px\" \/><\/figure><div class=\"featured-image-desc\"><span><a href=\"https:\/\/www.pixyou.pl\/index.php\/portfolio\/e-marketing-specjalista-ds-e-commerce\/\"><i class=\"fa fa-plus\"><\/i><\/a><\/span><div class=\"feature-inner-block\"><h3 class=\"feature-title-wrap\"><a href=\"https:\/\/www.pixyou.pl\/index.php\/portfolio\/e-marketing-specjalista-ds-e-commerce\/\">e-Marketing &#8211; specjalista ds. e-commerce<\/a><\/h3><h4 class=\"feature-desc-wrap\"><\/h4><\/div><\/div><\/div><div class=\"tg-feature-product-widget element-item uxdesign tg-column-4 certyfikaty \" data-category=\"certyfikaty \"><figure><img loading=\"lazy\" decoding=\"async\" width=\"1000\" height=\"1426\" src=\"https:\/\/www.pixyou.pl\/wp-content\/uploads\/2024\/11\/IMG_20210317_104518.jpg\" class=\"attachment-full size-full wp-post-image\" alt=\"\" srcset=\"https:\/\/www.pixyou.pl\/wp-content\/uploads\/2024\/11\/IMG_20210317_104518.jpg 1000w, https:\/\/www.pixyou.pl\/wp-content\/uploads\/2024\/11\/IMG_20210317_104518-210x300.jpg 210w, https:\/\/www.pixyou.pl\/wp-content\/uploads\/2024\/11\/IMG_20210317_104518-718x1024.jpg 718w, https:\/\/www.pixyou.pl\/wp-content\/uploads\/2024\/11\/IMG_20210317_104518-768x1095.jpg 768w, https:\/\/www.pixyou.pl\/wp-content\/uploads\/2024\/11\/IMG_20210317_104518-600x856.jpg 600w\" sizes=\"(max-width: 1000px) 100vw, 1000px\" \/><\/figure><div class=\"featured-image-desc\"><span><a href=\"https:\/\/www.pixyou.pl\/index.php\/portfolio\/specjalista-ds-marketingu\/\"><i class=\"fa fa-plus\"><\/i><\/a><\/span><div class=\"feature-inner-block\"><h3 class=\"feature-title-wrap\"><a href=\"https:\/\/www.pixyou.pl\/index.php\/portfolio\/specjalista-ds-marketingu\/\">Specjalista ds. marketingu<\/a><\/h3><h4 class=\"feature-desc-wrap\"><\/h4><\/div><\/div><\/div><\/div><!-- \/.tg-column-wrapper--><\/div><!-- \/.grid --><\/div><!-- \/.tg-container --><\/div><!-- \/.layout div --><\/div><\/div><\/div><\/div>","protected":false},"excerpt":{"rendered":"<p>Programista, grafik i marketer w jednym. Tworz\u0119 profesjonalne strony i sklepy internetowe, g\u0142\u00f3wnie na platformie PrestaShop. Zajmuj\u0119 si\u0119 r\u00f3wnie\u017c projektowaniem [&hellip;]<\/p>\n","protected":false},"author":1,"featured_media":0,"parent":0,"menu_order":0,"comment_status":"closed","ping_status":"closed","template":"page-templates\/full-width.php","meta":{"cybocfi_hide_featured_image":"","footnotes":""},"class_list":["post-844","page","type-page","status-publish","hentry"],"yoast_head":"<!-- This site is optimized with the Yoast SEO plugin v25.4 - https:\/\/yoast.com\/wordpress\/plugins\/seo\/ -->\n<title>Oferta - PIXYOU<\/title>\n<meta name=\"robots\" content=\"index, follow, max-snippet:-1, max-image-preview:large, max-video-preview:-1\" \/>\n<link rel=\"canonical\" href=\"https:\/\/www.pixyou.pl\/index.php\/oferta\/\" \/>\n<meta property=\"og:locale\" content=\"pl_PL\" \/>\n<meta property=\"og:type\" content=\"article\" \/>\n<meta property=\"og:title\" content=\"Oferta - PIXYOU\" \/>\n<meta property=\"og:description\" content=\"Programista, grafik i marketer w jednym. Tworz\u0119 profesjonalne strony i sklepy internetowe, g\u0142\u00f3wnie na platformie PrestaShop. Zajmuj\u0119 si\u0119 r\u00f3wnie\u017c projektowaniem [&hellip;]\" \/>\n<meta property=\"og:url\" content=\"https:\/\/www.pixyou.pl\/index.php\/oferta\/\" \/>\n<meta property=\"og:site_name\" content=\"PIXYOU\" \/>\n<meta property=\"article:modified_time\" content=\"2024-11-05T19:21:48+00:00\" \/>\n<meta name=\"twitter:card\" content=\"summary_large_image\" \/>\n<meta name=\"twitter:label1\" content=\"Szacowany czas czytania\" \/>\n\t<meta name=\"twitter:data1\" content=\"1 minuta\" \/>\n<script type=\"application\/ld+json\" class=\"yoast-schema-graph\">{\"@context\":\"https:\/\/schema.org\",\"@graph\":[{\"@type\":\"WebPage\",\"@id\":\"https:\/\/www.pixyou.pl\/index.php\/oferta\/\",\"url\":\"https:\/\/www.pixyou.pl\/index.php\/oferta\/\",\"name\":\"Oferta - PIXYOU\",\"isPartOf\":{\"@id\":\"http:\/\/www.pixyou.pl\/#website\"},\"datePublished\":\"2024-10-13T19:05:41+00:00\",\"dateModified\":\"2024-11-05T19:21:48+00:00\",\"breadcrumb\":{\"@id\":\"https:\/\/www.pixyou.pl\/index.php\/oferta\/#breadcrumb\"},\"inLanguage\":\"pl-PL\",\"potentialAction\":[{\"@type\":\"ReadAction\",\"target\":[\"https:\/\/www.pixyou.pl\/index.php\/oferta\/\"]}]},{\"@type\":\"BreadcrumbList\",\"@id\":\"https:\/\/www.pixyou.pl\/index.php\/oferta\/#breadcrumb\",\"itemListElement\":[{\"@type\":\"ListItem\",\"position\":1,\"name\":\"Strona g\u0142\u00f3wna\",\"item\":\"http:\/\/www.pixyou.pl\/\"},{\"@type\":\"ListItem\",\"position\":2,\"name\":\"Oferta\"}]},{\"@type\":\"WebSite\",\"@id\":\"http:\/\/www.pixyou.pl\/#website\",\"url\":\"http:\/\/www.pixyou.pl\/\",\"name\":\"PIXYOU\",\"description\":\"Strony i sklepy internetowe skrojone na miar\u0119\",\"publisher\":{\"@id\":\"http:\/\/www.pixyou.pl\/#organization\"},\"potentialAction\":[{\"@type\":\"SearchAction\",\"target\":{\"@type\":\"EntryPoint\",\"urlTemplate\":\"http:\/\/www.pixyou.pl\/?s={search_term_string}\"},\"query-input\":{\"@type\":\"PropertyValueSpecification\",\"valueRequired\":true,\"valueName\":\"search_term_string\"}}],\"inLanguage\":\"pl-PL\"},{\"@type\":\"Organization\",\"@id\":\"http:\/\/www.pixyou.pl\/#organization\",\"name\":\"PIXYOU\",\"url\":\"http:\/\/www.pixyou.pl\/\",\"logo\":{\"@type\":\"ImageObject\",\"inLanguage\":\"pl-PL\",\"@id\":\"http:\/\/www.pixyou.pl\/#\/schema\/logo\/image\/\",\"url\":\"https:\/\/www.pixyou.pl\/wp-content\/uploads\/2024\/09\/logo-pixyou-mini.png\",\"contentUrl\":\"https:\/\/www.pixyou.pl\/wp-content\/uploads\/2024\/09\/logo-pixyou-mini.png\",\"width\":150,\"height\":32,\"caption\":\"PIXYOU\"},\"image\":{\"@id\":\"http:\/\/www.pixyou.pl\/#\/schema\/logo\/image\/\"}}]}<\/script>\n<!-- \/ Yoast SEO plugin. -->","yoast_head_json":{"title":"Oferta - PIXYOU","robots":{"index":"index","follow":"follow","max-snippet":"max-snippet:-1","max-image-preview":"max-image-preview:large","max-video-preview":"max-video-preview:-1"},"canonical":"https:\/\/www.pixyou.pl\/index.php\/oferta\/","og_locale":"pl_PL","og_type":"article","og_title":"Oferta - PIXYOU","og_description":"Programista, grafik i marketer w jednym. Tworz\u0119 profesjonalne strony i sklepy internetowe, g\u0142\u00f3wnie na platformie PrestaShop. Zajmuj\u0119 si\u0119 r\u00f3wnie\u017c projektowaniem [&hellip;]","og_url":"https:\/\/www.pixyou.pl\/index.php\/oferta\/","og_site_name":"PIXYOU","article_modified_time":"2024-11-05T19:21:48+00:00","twitter_card":"summary_large_image","twitter_misc":{"Szacowany czas czytania":"1 minuta"},"schema":{"@context":"https:\/\/schema.org","@graph":[{"@type":"WebPage","@id":"https:\/\/www.pixyou.pl\/index.php\/oferta\/","url":"https:\/\/www.pixyou.pl\/index.php\/oferta\/","name":"Oferta - PIXYOU","isPartOf":{"@id":"http:\/\/www.pixyou.pl\/#website"},"datePublished":"2024-10-13T19:05:41+00:00","dateModified":"2024-11-05T19:21:48+00:00","breadcrumb":{"@id":"https:\/\/www.pixyou.pl\/index.php\/oferta\/#breadcrumb"},"inLanguage":"pl-PL","potentialAction":[{"@type":"ReadAction","target":["https:\/\/www.pixyou.pl\/index.php\/oferta\/"]}]},{"@type":"BreadcrumbList","@id":"https:\/\/www.pixyou.pl\/index.php\/oferta\/#breadcrumb","itemListElement":[{"@type":"ListItem","position":1,"name":"Strona g\u0142\u00f3wna","item":"http:\/\/www.pixyou.pl\/"},{"@type":"ListItem","position":2,"name":"Oferta"}]},{"@type":"WebSite","@id":"http:\/\/www.pixyou.pl\/#website","url":"http:\/\/www.pixyou.pl\/","name":"PIXYOU","description":"Strony i sklepy internetowe skrojone na miar\u0119","publisher":{"@id":"http:\/\/www.pixyou.pl\/#organization"},"potentialAction":[{"@type":"SearchAction","target":{"@type":"EntryPoint","urlTemplate":"http:\/\/www.pixyou.pl\/?s={search_term_string}"},"query-input":{"@type":"PropertyValueSpecification","valueRequired":true,"valueName":"search_term_string"}}],"inLanguage":"pl-PL"},{"@type":"Organization","@id":"http:\/\/www.pixyou.pl\/#organization","name":"PIXYOU","url":"http:\/\/www.pixyou.pl\/","logo":{"@type":"ImageObject","inLanguage":"pl-PL","@id":"http:\/\/www.pixyou.pl\/#\/schema\/logo\/image\/","url":"https:\/\/www.pixyou.pl\/wp-content\/uploads\/2024\/09\/logo-pixyou-mini.png","contentUrl":"https:\/\/www.pixyou.pl\/wp-content\/uploads\/2024\/09\/logo-pixyou-mini.png","width":150,"height":32,"caption":"PIXYOU"},"image":{"@id":"http:\/\/www.pixyou.pl\/#\/schema\/logo\/image\/"}}]}},"_links":{"self":[{"href":"https:\/\/www.pixyou.pl\/index.php\/wp-json\/wp\/v2\/pages\/844"}],"collection":[{"href":"https:\/\/www.pixyou.pl\/index.php\/wp-json\/wp\/v2\/pages"}],"about":[{"href":"https:\/\/www.pixyou.pl\/index.php\/wp-json\/wp\/v2\/types\/page"}],"author":[{"embeddable":true,"href":"https:\/\/www.pixyou.pl\/index.php\/wp-json\/wp\/v2\/users\/1"}],"replies":[{"embeddable":true,"href":"https:\/\/www.pixyou.pl\/index.php\/wp-json\/wp\/v2\/comments?post=844"}],"version-history":[{"count":22,"href":"https:\/\/www.pixyou.pl\/index.php\/wp-json\/wp\/v2\/pages\/844\/revisions"}],"predecessor-version":[{"id":909,"href":"https:\/\/www.pixyou.pl\/index.php\/wp-json\/wp\/v2\/pages\/844\/revisions\/909"}],"wp:attachment":[{"href":"https:\/\/www.pixyou.pl\/index.php\/wp-json\/wp\/v2\/media?parent=844"}],"curies":[{"name":"wp","href":"https:\/\/api.w.org\/{rel}","templated":true}]}}